{"id":9,"date":"2025-08-13T19:26:34","date_gmt":"2025-08-13T17:26:34","guid":{"rendered":"http:\/\/www.heavenscake.de\/?page_id=9"},"modified":"2026-05-01T15:11:53","modified_gmt":"2026-05-01T13:11:53","slug":"startseite","status":"publish","type":"page","link":"https:\/\/www.heavenscake.de\/","title":{"rendered":"Heaven&#8217;s Cake"},"content":{"rendered":"\r\n<p><span style=\"font-size: 18pt;\"><strong>Am 10. Mai ist Muttertag!<\/strong><\/span><\/p>\r\n<p><em><span style=\"font-size: 14pt;\">Schenken Sie Ihrer Mutter dieses Jahr mal keine Blumen \u2013 sondern gemeinsame Zeit &#8211; zum Beispiel<\/span><\/em><\/p>\r\n<p>bei einem gem\u00fctlichen Fr\u00fchst\u00fcck incl. 1 Glas Prosecco ab 9 Uhr (<em>leider schon ausgebucht)<\/em><\/p>\r\n<p>oder<\/p>\r\n<p>zur Tea Time mit leckeren s\u00fc\u00dfen und herzhaften H\u00e4ppchen incl. 1 Glas Prosecco ab 14 Uhr<\/p>\r\n<p>pro Person \u20ac 21,50<\/p>\r\n<p>\u00a0Wir freuen uns auf Ihre Tischreservierung.<\/p>\r\n<p>&nbsp;<\/p>\r\n","protected":false},"excerpt":{"rendered":"<p>Am 10. Mai ist Muttertag! Schenken Sie Ihrer Mutter dieses Jahr mal keine Blumen \u2013 sondern gemeinsame Zeit &#8211; zum Beispiel bei einem gem\u00fctlichen Fr\u00fchst\u00fcck incl. 1 Glas Prosecco ab 9 Uhr (leider schon ausgebucht) oder zur Tea Time mit leckeren s\u00fc\u00dfen und herzhaften H\u00e4ppchen incl. 1 Glas Prosecco ab 14 Uhr pro Person \u20ac &hellip; <\/p>\n<p class=\"link-more\"><a href=\"https:\/\/www.heavenscake.de\/\" class=\"more-link\"><span class=\"screen-reader-text\">\u201eHeaven&#8217;s Cake\u201c <\/span>weiterlesen<\/a><\/p>\n","protected":false},"author":1,"featured_media":168,"parent":0,"menu_order":0,"comment_status":"closed","ping_status":"closed","template":"","meta":{"footnotes":""},"class_list":["post-9","page","type-page","status-publish","has-post-thumbnail","hentry"],"_links":{"self":[{"href":"https:\/\/www.heavenscake.de\/index.php?rest_route=\/wp\/v2\/pages\/9","targetHints":{"allow":["GET"]}}],"collection":[{"href":"https:\/\/www.heavenscake.de\/index.php?rest_route=\/wp\/v2\/pages"}],"about":[{"href":"https:\/\/www.heavenscake.de\/index.php?rest_route=\/wp\/v2\/types\/page"}],"author":[{"embeddable":true,"href":"https:\/\/www.heavenscake.de\/index.php?rest_route=\/wp\/v2\/users\/1"}],"replies":[{"embeddable":true,"href":"https:\/\/www.heavenscake.de\/index.php?rest_route=%2Fwp%2Fv2%2Fcomments&post=9"}],"version-history":[{"count":23,"href":"https:\/\/www.heavenscake.de\/index.php?rest_route=\/wp\/v2\/pages\/9\/revisions"}],"predecessor-version":[{"id":167,"href":"https:\/\/www.heavenscake.de\/index.php?rest_route=\/wp\/v2\/pages\/9\/revisions\/167"}],"wp:featuredmedia":[{"embeddable":true,"href":"https:\/\/www.heavenscake.de\/index.php?rest_route=\/wp\/v2\/media\/168"}],"wp:attachment":[{"href":"https:\/\/www.heavenscake.de\/index.php?rest_route=%2Fwp%2Fv2%2Fmedia&parent=9"}],"curies":[{"name":"wp","href":"https:\/\/api.w.org\/{rel}","templated":true}]}}